{"id":6301,"date":"2021-11-15T14:51:06","date_gmt":"2021-11-15T13:51:06","guid":{"rendered":"https:\/\/www.auparadisdusoin.fr\/?page_id=6301"},"modified":"2025-08-26T21:50:26","modified_gmt":"2025-08-26T19:50:26","slug":"contact","status":"publish","type":"page","link":"https:\/\/www.auparadisdusoin.fr\/index.php\/contact\/","title":{"rendered":"Contact"},"content":{"rendered":"[vc_row type=\u00a0\u00bbin_container\u00a0\u00bb full_screen_row_position=\u00a0\u00bbmiddle\u00a0\u00bb column_margin=\u00a0\u00bbdefault\u00a0\u00bb equal_height=\u00a0\u00bbyes\u00a0\u00bb content_placement=\u00a0\u00bbtop\u00a0\u00bb column_direction=\u00a0\u00bbdefault\u00a0\u00bb column_direction_tablet=\u00a0\u00bbdefault\u00a0\u00bb column_direction_phone=\u00a0\u00bbdefault\u00a0\u00bb scene_position=\u00a0\u00bbcenter\u00a0\u00bb text_color=\u00a0\u00bbdark\u00a0\u00bb text_align=\u00a0\u00bbleft\u00a0\u00bb row_border_radius=\u00a0\u00bbnone\u00a0\u00bb row_border_radius_applies=\u00a0\u00bbbg\u00a0\u00bb overflow=\u00a0\u00bbvisible\u00a0\u00bb overlay_strength=\u00a0\u00bb0.3&Prime; gradient_direction=\u00a0\u00bbleft_to_right\u00a0\u00bb shape_divider_position=\u00a0\u00bbbottom\u00a0\u00bb bg_image_animation=\u00a0\u00bbnone\u00a0\u00bb shape_type=\u00a0\u00bb\u00a0\u00bb][vc_column column_padding=\u00a0\u00bbno-extra-padding\u00a0\u00bb column_padding_tablet=\u00a0\u00bbinherit\u00a0\u00bb column_padding_phone=\u00a0\u00bbinherit\u00a0\u00bb column_padding_position=\u00a0\u00bball\u00a0\u00bb column_element_direction_desktop=\u00a0\u00bbdefault\u00a0\u00bb column_element_spacing=\u00a0\u00bbdefault\u00a0\u00bb desktop_text_alignment=\u00a0\u00bbdefault\u00a0\u00bb tablet_text_alignment=\u00a0\u00bbdefault\u00a0\u00bb phone_text_alignment=\u00a0\u00bbdefault\u00a0\u00bb background_color_opacity=\u00a0\u00bb1&Prime; background_hover_color_opacity=\u00a0\u00bb1&Prime; video_bg=\u00a0\u00bbuse_video\u00a0\u00bb video_mp4=\u00a0\u00bbhttps:\/\/www.auparadisdusoin.fr\/wp-content\/uploads\/2021\/10\/pexels-taryn-elliott-5928010.mp4&Prime; background_video_loading=\u00a0\u00bbdefault\u00a0\u00bb column_backdrop_filter=\u00a0\u00bbnone\u00a0\u00bb column_shadow=\u00a0\u00bbnone\u00a0\u00bb column_border_radius=\u00a0\u00bbnone\u00a0\u00bb column_link_target=\u00a0\u00bb_self\u00a0\u00bb column_position=\u00a0\u00bbdefault\u00a0\u00bb gradient_direction=\u00a0\u00bbleft_to_right\u00a0\u00bb overlay_strength=\u00a0\u00bb0.3&Prime; width=\u00a0\u00bb2\/5&Prime; tablet_width_inherit=\u00a0\u00bbdefault\u00a0\u00bb animation_type=\u00a0\u00bbdefault\u00a0\u00bb bg_image_animation=\u00a0\u00bbnone\u00a0\u00bb border_type=\u00a0\u00bbsimple\u00a0\u00bb column_border_width=\u00a0\u00bbnone\u00a0\u00bb column_border_style=\u00a0\u00bbsolid\u00a0\u00bb][divider line_type=\u00a0\u00bbNo Line\u00a0\u00bb custom_height=\u00a0\u00bb500px\u00a0\u00bb][\/vc_column][vc_column column_padding=\u00a0\u00bbpadding-3-percent\u00a0\u00bb column_padding_tablet=\u00a0\u00bbinherit\u00a0\u00bb column_padding_phone=\u00a0\u00bbinherit\u00a0\u00bb column_padding_position=\u00a0\u00bball\u00a0\u00bb column_element_direction_desktop=\u00a0\u00bbdefault\u00a0\u00bb column_element_spacing=\u00a0\u00bbdefault\u00a0\u00bb desktop_text_alignment=\u00a0\u00bbdefault\u00a0\u00bb tablet_text_alignment=\u00a0\u00bbdefault\u00a0\u00bb phone_text_alignment=\u00a0\u00bbdefault\u00a0\u00bb background_color_opacity=\u00a0\u00bb1&Prime; background_hover_color_opacity=\u00a0\u00bb1&Prime; column_backdrop_filter=\u00a0\u00bbnone\u00a0\u00bb column_shadow=\u00a0\u00bbnone\u00a0\u00bb column_border_radius=\u00a0\u00bbnone\u00a0\u00bb column_link_target=\u00a0\u00bb_self\u00a0\u00bb column_position=\u00a0\u00bbdefault\u00a0\u00bb gradient_direction=\u00a0\u00bbleft_to_right\u00a0\u00bb overlay_strength=\u00a0\u00bb0.3&Prime; width=\u00a0\u00bb3\/5&Prime; tablet_width_inherit=\u00a0\u00bbdefault\u00a0\u00bb animation_type=\u00a0\u00bbdefault\u00a0\u00bb bg_image_animation=\u00a0\u00bbnone\u00a0\u00bb border_type=\u00a0\u00bbsimple\u00a0\u00bb column_border_width=\u00a0\u00bbnone\u00a0\u00bb column_border_style=\u00a0\u00bbsolid\u00a0\u00bb][nectar_btn size=\u00a0\u00bblarge\u00a0\u00bb button_style=\u00a0\u00bbsee-through\u00a0\u00bb button_color_2=\u00a0\u00bbextra-color-gradient-1&Prime; icon_family=\u00a0\u00bbfontawesome\u00a0\u00bb text=\u00a0\u00bbcontact@auparadisdusoin.fr\u00a0\u00bb icon_fontawesome=\u00a0\u00bbfa fa-envelope-open-o\u00a0\u00bb url=\u00a0\u00bbmailto:contact@auparadisdusoin.fr\u00a0\u00bb][nectar_btn size=\u00a0\u00bblarge\u00a0\u00bb button_style=\u00a0\u00bbsee-through\u00a0\u00bb button_color_2=\u00a0\u00bbextra-color-gradient-1&Prime; icon_family=\u00a0\u00bbfontawesome\u00a0\u00bb text=\u00a0\u00bb02 41 73 14 32&Prime; icon_fontawesome=\u00a0\u00bbfa fa-phone-square\u00a0\u00bb url=\u00a0\u00bbtel:0241731432&Prime; margin_left=\u00a0\u00bb10px\u00a0\u00bb][divider line_type=\u00a0\u00bbNo Line\u00a0\u00bb custom_height=\u00a0\u00bb20px\u00a0\u00bb][vc_column_text]Rue Michel Seurat centre commercial Molli\u00e8re 49000 Angers<\/p>\n<p><strong>Pour nous rejoindre<\/strong><br \/>\nEn bus, ligne 11 direction Lac de Maine\/Beaucouz\u00e9 arr\u00eat A. d\u2019Aquitaine<br \/>\nSitu\u00e9 au centre commercial Molli\u00e8re, rue Michel Seurat \u00e0 Angers, vous y retrouverez Intermarch\u00e9 et d\u2019autres commerces de proximit\u00e9. Le centre se trouve sur la route de Bouchemaine et juste \u00e0 c\u00f4t\u00e9 de Beaucouz\u00e9. Un parking gratuit est \u00e0 votre disposition.<\/p>\n<p><strong>Horaires<\/strong><br \/>\nLundi 14h-19h<br \/>\nDu Mardi au Vendredi 10h-19h<br \/>\nSamedi 10h-16h[\/vc_column_text][nectar_gmap map_type=\u00a0\u00bbgoogle\u00a0\u00bb zoom=\u00a0\u00bb16&Prime; enable_zoom=\u00a0\u00bb1&Prime; marker_style=\u00a0\u00bbnectar\u00a0\u00bb nectar_marker_color=\u00a0\u00bbaccent-color\u00a0\u00bb marker_animation=\u00a0\u00bb1&Prime; size=\u00a0\u00bb400&Prime; map_center_lat=\u00a0\u00bb47.46046829223633&Prime; map_center_lng=\u00a0\u00bb-0.6155890226364136&Prime; map_markers=\u00a0\u00bb47.46046829223633|-0.6155890226364136|Institut AU PARADIS DU SOIN\u00a0\u00bb][\/vc_column][\/vc_row]\n","protected":false},"excerpt":{"rendered":"<p>[vc_row type=\u00a0\u00bbin_container\u00a0\u00bb full_screen_row_position=\u00a0\u00bbmiddle\u00a0\u00bb column_margin=\u00a0\u00bbdefault\u00a0\u00bb equal_height=\u00a0\u00bbyes\u00a0\u00bb content_placement=\u00a0\u00bbtop\u00a0\u00bb column_direction=\u00a0\u00bbdefault\u00a0\u00bb column_direction_tablet=\u00a0\u00bbdefault\u00a0\u00bb column_direction_phone=\u00a0\u00bbdefault\u00a0\u00bb scene_position=\u00a0\u00bbcenter\u00a0\u00bb text_color=\u00a0\u00bbdark\u00a0\u00bb text_align=\u00a0\u00bbleft\u00a0\u00bb row_border_radius=\u00a0\u00bbnone\u00a0\u00bb row_border_radius_applies=\u00a0\u00bbbg\u00a0\u00bb overflow=\u00a0\u00bbvisible\u00a0\u00bb&#8230;<\/p>\n","protected":false},"author":1,"featured_media":0,"parent":0,"menu_order":0,"comment_status":"closed","ping_status":"closed","template":"","meta":{"footnotes":""},"class_list":["post-6301","page","type-page","status-publish"],"aioseo_notices":[],"_links":{"self":[{"href":"https:\/\/www.auparadisdusoin.fr\/index.php\/wp-json\/wp\/v2\/pages\/6301","targetHints":{"allow":["GET"]}}],"collection":[{"href":"https:\/\/www.auparadisdusoin.fr\/index.php\/wp-json\/wp\/v2\/pages"}],"about":[{"href":"https:\/\/www.auparadisdusoin.fr\/index.php\/wp-json\/wp\/v2\/types\/page"}],"author":[{"embeddable":true,"href":"https:\/\/www.auparadisdusoin.fr\/index.php\/wp-json\/wp\/v2\/users\/1"}],"replies":[{"embeddable":true,"href":"https:\/\/www.auparadisdusoin.fr\/index.php\/wp-json\/wp\/v2\/comments?post=6301"}],"version-history":[{"count":20,"href":"https:\/\/www.auparadisdusoin.fr\/index.php\/wp-json\/wp\/v2\/pages\/6301\/revisions"}],"predecessor-version":[{"id":6809,"href":"https:\/\/www.auparadisdusoin.fr\/index.php\/wp-json\/wp\/v2\/pages\/6301\/revisions\/6809"}],"wp:attachment":[{"href":"https:\/\/www.auparadisdusoin.fr\/index.php\/wp-json\/wp\/v2\/media?parent=6301"}],"curies":[{"name":"wp","href":"https:\/\/api.w.org\/{rel}","templated":true}]}}